{"id":19,"date":"2021-06-18T12:44:56","date_gmt":"2021-06-18T12:44:56","guid":{"rendered":"http:\/\/sicav.com.mx\/index.php\/resource\/"},"modified":"2024-02-29T04:57:31","modified_gmt":"2024-02-29T04:57:31","slug":"extraccion-y-ventilacion","status":"publish","type":"page","link":"https:\/\/sicav.com.mx\/index.php\/extraccion-y-ventilacion\/","title":{"rendered":"Extracci\u00f3n y Ventilaci\u00f3n."},"content":{"rendered":"\n<div class=\"wp-block-cover alignfull has-parallax\" style=\"min-height:475px\"><span aria-hidden=\"true\" class=\"wp-block-cover__background has-ast-global-color-2-background-color has-background-dim-80 has-background-dim\"><\/span><div role=\"img\" class=\"wp-block-cover__image-background wp-image-1623 has-parallax\" style=\"background-position:50% 50%;background-image:url(https:\/\/sicav.com.mx\/wp-content\/uploads\/2022\/03\/44.jpg)\"><\/div><div class=\"wp-block-cover__inner-container\">\n<h1 class=\"wp-block-heading has-text-align-center animated backInRight has-text-color\" style=\"color:#ffffff;font-style:italic;font-weight:800\">Extracci\u00f3n y Ventilaci\u00f3n.<\/h1>\n\n\n\n<p class=\"has-text-align-center animated backInUp\" style=\"font-style:italic;font-weight:700\">Confort en naves industriales mediante un sistema de extracci\u00f3n o de inyecci\u00f3n.<\/p>\n<\/div><\/div>\n\n\n\n<div class=\"wp-block-group alignfull has-ast-global-color-4-background-color has-background is-layout-constrained\"><div class=\"wp-block-group__inner-container\">\n<div class=\"wp-block-columns is-layout-flex wp-container-3\">\n<div class=\"wp-block-column is-layout-flow\">\n<hr class=\"wp-block-separator has-text-color has-ast-global-color-0-color has-css-opacity has-ast-global-color-0-background-color has-background\"\/>\n\n\n\n<h2 class=\"wp-block-heading has-text-align-center animated backInLeft\" style=\"font-style:italic;font-weight:800\">Servicios.<\/h2>\n<\/div>\n\n\n\n<div class=\"wp-block-column animated backInRight is-layout-flow\">\n<p class=\"has-text-align-center has-ast-global-color-2-color has-text-color\" style=\"font-style:italic;font-weight:800\"><strong>Desarrollo y ejecuci\u00f3n de proyectos de extracci\u00f3n y ventilaci\u00f3n para la reno- vaci\u00f3n del aire interior en naves industriales ofreciendo los siguientes servicios:<\/strong><\/p>\n\n\n\n<p class=\"has-text-align-center\" style=\"font-style:italic;font-weight:800\">*Ventilaci\u00f3n forzada o din\u00e1mica. <br>*Ventilaci\u00f3n est\u00e1tica o natural. <br>*Ventilaci\u00f3n e\u00f3lica.<\/p>\n<\/div>\n<\/div>\n<\/div><\/div>\n\n\n\n<div class=\"wp-block-group alignfull has-ast-global-color-5-background-color has-background is-layout-constrained\"><div class=\"wp-block-group__inner-container\">\n<div class=\"wp-block-columns is-layout-flex wp-container-8\">\n<div class=\"wp-block-column is-layout-flow\">\n<hr class=\"wp-block-separator has-text-color has-ast-global-color-0-color has-css-opacity has-ast-global-color-0-background-color has-background\"\/>\n\n\n\n<h2 class=\"wp-block-heading has-text-align-center animated zoomIn\" style=\"font-style:italic;font-weight:800\">Beneficios.<\/h2>\n\n\n\n<p class=\"has-text-align-center animated backInLeft has-ast-global-color-2-color has-text-color\" style=\"font-style:italic;font-weight:800\"><strong>La ventilaci\u00f3n de una nave industrial consiste en la renovaci\u00f3n del aire interior mediante un sistema de extracci\u00f3n o de inyecci\u00f3n. El hecho de renovar el aire nos permite, por ejemplo: <\/strong><\/p>\n<\/div>\n\n\n\n<div class=\"wp-block-column is-layout-flow\">\n<p class=\"has-text-align-center animated backInRight\" style=\"font-style:italic;font-weight:800\">1.- Garantizar la calidad del aire.<br>2.- Controlar la humedad, tanto de cara a trabajadores como a mercanc\u00edas y maquinaria.<br>3.- Mejorar el acondicionamiento t\u00e9rmico de la nave.<br>4.- Reducir la concentraci\u00f3n de gases o part\u00edculas a niveles adecuados. <br>5.- Evitar la entrada de pat\u00f3genos en determinadas \u00e1reas.<br>6.- Favorecer la extracci\u00f3n de humos en caso de incendio.<\/p>\n\n\n\t\t<div class='wp-block-btn-button  align' id='btnButton-11483293-9' data-attributes='{&quot;cId&quot;:&quot;11483293-9&quot;,&quot;text&quot;:&quot;Cotizar servicio.&quot;,&quot;url&quot;:&quot;https:\\\/\\\/wa.link\\\/5tce0y&quot;,&quot;icon&quot;:{&quot;class&quot;:&quot;fab fa-whatsapp&quot;,&quot;name&quot;:&quot;whatsapp&quot;},&quot;type&quot;:&quot;3d&quot;,&quot;colors&quot;:{&quot;color&quot;:&quot;#fff&quot;,&quot;bg&quot;:&quot;rgba(41, 78, 147, 1)&quot;,&quot;bgType&quot;:&quot;gradient&quot;,&quot;gradient&quot;:&quot;linear-gradient(5deg,rgb(41,78,147) 0%,rgb(14,34,79) 100%)&quot;},&quot;hovColors&quot;:{&quot;color&quot;:&quot;#fff&quot;,&quot;bg&quot;:&quot;rgba(41, 78, 147, 1)&quot;},&quot;shadow&quot;:[{&quot;hOffset&quot;:&quot;3px&quot;,&quot;vOffset&quot;:&quot;-3px&quot;,&quot;blur&quot;:&quot;0px&quot;,&quot;spreed&quot;:&quot;0px&quot;,&quot;color&quot;:&quot;rgba(191, 251, 255, 0.55)&quot;,&quot;isInset&quot;:true},{&quot;hOffset&quot;:&quot;0px&quot;,&quot;vOffset&quot;:&quot;0px&quot;,&quot;blur&quot;:&quot;0px&quot;,&quot;spreed&quot;:&quot;0px&quot;,&quot;color&quot;:&quot;#7090b0&quot;,&quot;isInset&quot;:false}],&quot;align&quot;:&quot;&quot;,&quot;tooltip&quot;:&quot;&quot;,&quot;target&quot;:&quot;_self&quot;,&quot;isDownload&quot;:false,&quot;isUpIcon&quot;:false,&quot;upIcon&quot;:{&quot;id&quot;:null,&quot;url&quot;:&quot;&quot;,&quot;alt&quot;:&quot;&quot;,&quot;title&quot;:&quot;&quot;},&quot;isFullWidth&quot;:false,&quot;size&quot;:&quot;medium&quot;,&quot;animationType&quot;:&quot;fade-up&quot;,&quot;animationDuration&quot;:0.4,&quot;addID&quot;:&quot;&quot;,&quot;addCSS&quot;:&quot;&quot;,&quot;alignment&quot;:&quot;center&quot;,&quot;typography&quot;:{&quot;fontSize&quot;:16,&quot;fontWeight&quot;:600,&quot;textDecoration&quot;:&quot;none&quot;},&quot;padding&quot;:{&quot;vertical&quot;:&quot;12px&quot;,&quot;horizontal&quot;:&quot;24px&quot;},&quot;border&quot;:{&quot;radius&quot;:&quot;5px&quot;}}'><\/div>\n\n\t\t<\/div>\n\n\n\n<div class=\"wp-block-column is-layout-flow\">\n<div style=\"height:60px\" aria-hidden=\"true\" class=\"wp-block-spacer\"><\/div>\n\n\n\n<figure class=\"wp-block-image size-large\"><img decoding=\"async\" loading=\"lazy\" width=\"1024\" height=\"768\" src=\"https:\/\/sicav.com.mx\/wp-content\/uploads\/2022\/03\/16-1-1024x768.jpg\" alt=\"\" class=\"wp-image-1621\" srcset=\"https:\/\/sicav.com.mx\/wp-content\/uploads\/2022\/03\/16-1-1024x768.jpg 1024w, https:\/\/sicav.com.mx\/wp-content\/uploads\/2022\/03\/16-1-300x225.jpg 300w, https:\/\/sicav.com.mx\/wp-content\/uploads\/2022\/03\/16-1-768x576.jpg 768w, https:\/\/sicav.com.mx\/wp-content\/uploads\/2022\/03\/16-1-1536x1152.jpg 1536w, https:\/\/sicav.com.mx\/wp-content\/uploads\/2022\/03\/16-1.jpg 1707w\" sizes=\"(max-width: 1024px) 100vw, 1024px\" \/><\/figure>\n<\/div>\n<\/div>\n<\/div><\/div>\n\n\n\n<div class=\"wp-block-cover alignfull\" style=\"min-height:475px\"><span aria-hidden=\"true\" class=\"wp-block-cover__background has-ast-global-color-5-background-color has-background-dim-80 has-background-dim\"><\/span><img decoding=\"async\" loading=\"lazy\" width=\"1707\" height=\"1280\" class=\"wp-block-cover__image-background wp-image-1631\" alt=\"\" src=\"https:\/\/sicav.com.mx\/wp-content\/uploads\/2022\/03\/56.jpg\" style=\"object-position:80% 100%\" data-object-fit=\"cover\" data-object-position=\"80% 100%\" srcset=\"https:\/\/sicav.com.mx\/wp-content\/uploads\/2022\/03\/56.jpg 1707w, https:\/\/sicav.com.mx\/wp-content\/uploads\/2022\/03\/56-300x225.jpg 300w, https:\/\/sicav.com.mx\/wp-content\/uploads\/2022\/03\/56-1024x768.jpg 1024w, https:\/\/sicav.com.mx\/wp-content\/uploads\/2022\/03\/56-768x576.jpg 768w, https:\/\/sicav.com.mx\/wp-content\/uploads\/2022\/03\/56-1536x1152.jpg 1536w\" sizes=\"(max-width: 1707px) 100vw, 1707px\" \/><div class=\"wp-block-cover__inner-container\">\n<h1 class=\"wp-block-heading has-text-align-center animated backInLeft has-ast-global-color-3-color has-text-color\" style=\"font-style:italic;font-weight:800\">Seguridad y salud.<\/h1>\n\n\n\n<p class=\"has-text-align-center animated fadeInDown has-ast-global-color-3-color has-text-color\" style=\"font-style:italic;font-weight:400\">Tomando en cuenta que la calidad del aire en el interior de la naves es esencial para la salud de los trabajadores, ya que el hecho de respirar un aire de baja calidad o con una elevada concentraci\u00f3n de elementos contaminantes puede provocar problemas en las v\u00edas respiratorias.<\/p>\n\n\n\n<div class=\"wp-block-columns is-layout-flex wp-container-13\">\n<div class=\"wp-block-column is-layout-flow\">\n<figure class=\"wp-block-image size-full animated zoomIn\"><img decoding=\"async\" loading=\"lazy\" width=\"400\" height=\"140\" src=\"http:\/\/sicav.com.mx\/wp-content\/uploads\/2022\/03\/soler-palau_1_orig.png\" alt=\"\" class=\"wp-image-2106\" srcset=\"https:\/\/sicav.com.mx\/wp-content\/uploads\/2022\/03\/soler-palau_1_orig.png 400w, https:\/\/sicav.com.mx\/wp-content\/uploads\/2022\/03\/soler-palau_1_orig-300x105.png 300w\" sizes=\"(max-width: 400px) 100vw, 400px\" \/><\/figure>\n<\/div>\n\n\n\n<div class=\"wp-block-column is-layout-flow\">\n<figure class=\"wp-block-image aligncenter size-full is-resized animated zoomIn\"><img decoding=\"async\" loading=\"lazy\" src=\"http:\/\/sicav.com.mx\/wp-content\/uploads\/2022\/03\/air-technology.png\" alt=\"\" class=\"wp-image-2107\" width=\"242\" height=\"137\" srcset=\"https:\/\/sicav.com.mx\/wp-content\/uploads\/2022\/03\/air-technology.png 352w, https:\/\/sicav.com.mx\/wp-content\/uploads\/2022\/03\/air-technology-300x170.png 300w\" sizes=\"(max-width: 242px) 100vw, 242px\" \/><\/figure>\n<\/div>\n\n\n\n<div class=\"wp-block-column is-layout-flow\">\n<figure class=\"wp-block-image size-full is-resized animated zoomIn\"><img decoding=\"async\" loading=\"lazy\" src=\"http:\/\/sicav.com.mx\/wp-content\/uploads\/2022\/03\/Greenheck-logo.png\" alt=\"\" class=\"wp-image-2108\" width=\"318\" height=\"59\" srcset=\"https:\/\/sicav.com.mx\/wp-content\/uploads\/2022\/03\/Greenheck-logo.png 893w, https:\/\/sicav.com.mx\/wp-content\/uploads\/2022\/03\/Greenheck-logo-300x56.png 300w, https:\/\/sicav.com.mx\/wp-content\/uploads\/2022\/03\/Greenheck-logo-768x144.png 768w\" sizes=\"(max-width: 318px) 100vw, 318px\" \/><\/figure>\n<\/div>\n<\/div>\n<\/div><\/div>\n\n\n\n<div class=\"wp-block-group alignfull has-ast-global-color-5-background-color has-background is-layout-constrained\"><div class=\"wp-block-group__inner-container\">\n<div class=\"wp-block-columns is-layout-flex wp-container-17\">\n<div class=\"wp-block-column is-layout-flow\">\n<h2 class=\"wp-block-heading animated backInLeft\" style=\"font-style:italic;font-weight:800\">Extracci\u00f3n a cocinas industriales.<\/h2>\n\n\n\n<figure class=\"wp-block-image size-large\"><img decoding=\"async\" loading=\"lazy\" width=\"1024\" height=\"768\" src=\"https:\/\/sicav.com.mx\/wp-content\/uploads\/2022\/03\/07-1024x768.jpg\" alt=\"\" class=\"wp-image-1632\" srcset=\"https:\/\/sicav.com.mx\/wp-content\/uploads\/2022\/03\/07-1024x768.jpg 1024w, https:\/\/sicav.com.mx\/wp-content\/uploads\/2022\/03\/07-300x225.jpg 300w, https:\/\/sicav.com.mx\/wp-content\/uploads\/2022\/03\/07-768x576.jpg 768w, https:\/\/sicav.com.mx\/wp-content\/uploads\/2022\/03\/07-1536x1152.jpg 1536w, https:\/\/sicav.com.mx\/wp-content\/uploads\/2022\/03\/07.jpg 1707w\" sizes=\"(max-width: 1024px) 100vw, 1024px\" \/><\/figure>\n<\/div>\n\n\n\n<div class=\"wp-block-column animated backInUp is-layout-flow\">\n<hr class=\"wp-block-separator has-text-color has-ast-global-color-0-color has-css-opacity has-ast-global-color-0-background-color has-background\"\/>\n\n\n\n<p class=\"has-ast-global-color-2-color has-text-color\" style=\"font-style:italic;font-weight:800\"><strong>Desarrollo y ejecucion de proyectos para la eliminaci\u00f3n de humos, olores, calor y vapor del aire. trabajando para el sector industrial, comercial, hospitalario y residencial ofreciendo los siguientes servicios:<\/strong><\/p>\n<\/div>\n\n\n\n<div class=\"wp-block-column is-layout-flow\">\n<p class=\"animated backInRight\" style=\"font-style:italic;font-weight:800\">1.- Fabricaci\u00f3n de campanas de acero inoxidable.<br>2.- Fabricaci\u00f3n y venta de ducteria galvanizada o inoxidable. 3.- Venta de equipos de extracci\u00f3n mec\u00e1nica.<br>4.- Venta de filtros para grasa.<br>5.- Venta de accesorios para campanas.<br>6.- Servicio de mantenimiento a ducterias.<\/p>\n\n\n\n<p><a href=\"https:\/\/websitedemos.net\/learn-digital-marketing-02\/resource\/?brainstormforce=pTXyytedV9E9TFhT#\" target=\"_blank\" rel=\"noopener\"><strong><\/strong><\/a><\/p>\n\n\n\t\t<div class='wp-block-btn-button  align' id='btnButton-6cbadec0-2' data-attributes='{&quot;cId&quot;:&quot;6cbadec0-2&quot;,&quot;text&quot;:&quot;Cotizar servicio.&quot;,&quot;url&quot;:&quot;https:\\\/\\\/wa.link\\\/5tce0y&quot;,&quot;icon&quot;:{&quot;class&quot;:&quot;fab fa-whatsapp&quot;,&quot;name&quot;:&quot;whatsapp&quot;},&quot;type&quot;:&quot;3d&quot;,&quot;colors&quot;:{&quot;color&quot;:&quot;#fff&quot;,&quot;bg&quot;:&quot;rgba(41, 78, 147, 1)&quot;,&quot;bgType&quot;:&quot;gradient&quot;,&quot;gradient&quot;:&quot;linear-gradient(5deg,rgb(41,78,147) 0%,rgb(14,34,79) 100%)&quot;},&quot;hovColors&quot;:{&quot;color&quot;:&quot;#fff&quot;,&quot;bg&quot;:&quot;rgba(41, 78, 147, 1)&quot;},&quot;shadow&quot;:[{&quot;hOffset&quot;:&quot;3px&quot;,&quot;vOffset&quot;:&quot;-3px&quot;,&quot;blur&quot;:&quot;0px&quot;,&quot;spreed&quot;:&quot;0px&quot;,&quot;color&quot;:&quot;rgba(191, 251, 255, 0.55)&quot;,&quot;isInset&quot;:true},{&quot;hOffset&quot;:&quot;0px&quot;,&quot;vOffset&quot;:&quot;0px&quot;,&quot;blur&quot;:&quot;0px&quot;,&quot;spreed&quot;:&quot;0px&quot;,&quot;color&quot;:&quot;#7090b0&quot;,&quot;isInset&quot;:false}],&quot;align&quot;:&quot;&quot;,&quot;tooltip&quot;:&quot;&quot;,&quot;target&quot;:&quot;_self&quot;,&quot;isDownload&quot;:false,&quot;isUpIcon&quot;:false,&quot;upIcon&quot;:{&quot;id&quot;:null,&quot;url&quot;:&quot;&quot;,&quot;alt&quot;:&quot;&quot;,&quot;title&quot;:&quot;&quot;},&quot;isFullWidth&quot;:false,&quot;size&quot;:&quot;medium&quot;,&quot;animationType&quot;:&quot;fade-up&quot;,&quot;animationDuration&quot;:0.4,&quot;addID&quot;:&quot;&quot;,&quot;addCSS&quot;:&quot;&quot;,&quot;alignment&quot;:&quot;center&quot;,&quot;typography&quot;:{&quot;fontSize&quot;:16,&quot;fontWeight&quot;:600,&quot;textDecoration&quot;:&quot;none&quot;},&quot;padding&quot;:{&quot;vertical&quot;:&quot;12px&quot;,&quot;horizontal&quot;:&quot;24px&quot;},&quot;border&quot;:{&quot;radius&quot;:&quot;5px&quot;}}'><\/div>\n\n\t\t<\/div>\n<\/div>\n<\/div><\/div>\n\n\n\n<div class=\"wp-block-cover alignfull has-parallax\" style=\"min-height:475px\"><span aria-hidden=\"true\" class=\"wp-block-cover__background has-ast-global-color-2-background-color has-background-dim-80 has-background-dim\"><\/span><div role=\"img\" class=\"wp-block-cover__image-background wp-image-1631 has-parallax\" style=\"background-position:50% 50%;background-image:url(https:\/\/sicav.com.mx\/wp-content\/uploads\/2022\/03\/56.jpg)\"><\/div><div class=\"wp-block-cover__inner-container\">\n<h1 class=\"wp-block-heading has-text-align-center animated backInRight has-text-color\" style=\"color:#ffffff;font-style:italic;font-weight:700\">Condiciones saludables.<\/h1>\n\n\n\n<p class=\"has-text-align-center animated backInUp\" style=\"font-style:italic;font-weight:700\">Un buen sistema de extracci\u00f3n mejora considerablemente las condiciones dentro de la cocina especialmente donde se desprenden diariamente vapores grasos, humos y olores.<\/p>\n<\/div><\/div>\n","protected":false},"excerpt":{"rendered":"<p>Servicios. Desarrollo y ejecuci\u00f3n de proyectos de extracci\u00f3n y ventilaci\u00f3n para la reno- vaci\u00f3n del aire interior en naves industriales ofreciendo los siguientes servicios: *Ventilaci\u00f3n forzada o din\u00e1mica. *Ventilaci\u00f3n est\u00e1tica o natural. *Ventilaci\u00f3n e\u00f3lica. Beneficios. La ventilaci\u00f3n de una nave industrial consiste en la renovaci\u00f3n del aire interior mediante un sistema de extracci\u00f3n o de &hellip;<\/p>\n<p class=\"read-more\"> <a class=\"\" href=\"https:\/\/sicav.com.mx\/index.php\/extraccion-y-ventilacion\/\"> <span class=\"screen-reader-text\">Extracci\u00f3n y Ventilaci\u00f3n.<\/span> Leer m\u00e1s &raquo;<\/a><\/p>\n","protected":false},"author":1,"featured_media":0,"parent":0,"menu_order":0,"comment_status":"closed","ping_status":"closed","template":"","meta":{"site-sidebar-layout":"no-sidebar","site-content-layout":"plain-container","ast-main-header-display":"","ast-hfb-above-header-display":"","ast-hfb-below-header-display":"","ast-hfb-mobile-header-display":"","site-post-title":"disabled","ast-breadcrumbs-content":"","ast-featured-img":"disabled","footer-sml-layout":"","theme-transparent-header-meta":"enabled","adv-header-id-meta":"","stick-header-meta":"","header-above-stick-meta":"","header-main-stick-meta":"","header-below-stick-meta":""},"_links":{"self":[{"href":"https:\/\/sicav.com.mx\/index.php\/wp-json\/wp\/v2\/pages\/19"}],"collection":[{"href":"https:\/\/sicav.com.mx\/index.php\/wp-json\/wp\/v2\/pages"}],"about":[{"href":"https:\/\/sicav.com.mx\/index.php\/wp-json\/wp\/v2\/types\/page"}],"author":[{"embeddable":true,"href":"https:\/\/sicav.com.mx\/index.php\/wp-json\/wp\/v2\/users\/1"}],"replies":[{"embeddable":true,"href":"https:\/\/sicav.com.mx\/index.php\/wp-json\/wp\/v2\/comments?post=19"}],"version-history":[{"count":29,"href":"https:\/\/sicav.com.mx\/index.php\/wp-json\/wp\/v2\/pages\/19\/revisions"}],"predecessor-version":[{"id":2382,"href":"https:\/\/sicav.com.mx\/index.php\/wp-json\/wp\/v2\/pages\/19\/revisions\/2382"}],"wp:attachment":[{"href":"https:\/\/sicav.com.mx\/index.php\/wp-json\/wp\/v2\/media?parent=19"}],"curies":[{"name":"wp","href":"https:\/\/api.w.org\/{rel}","templated":true}]}}