{"id":1667,"date":"2022-03-24T15:12:11","date_gmt":"2022-03-24T15:12:11","guid":{"rendered":"https:\/\/sicav.com.mx\/?page_id=1667"},"modified":"2024-02-29T07:06:49","modified_gmt":"2024-02-29T07:06:49","slug":"colector-de-polvo","status":"publish","type":"page","link":"https:\/\/sicav.com.mx\/index.php\/colector-de-polvo\/","title":{"rendered":"Colector de Polvo"},"content":{"rendered":"\n<div class=\"wp-block-cover has-parallax\"><span aria-hidden=\"true\" class=\"wp-block-cover__background has-background-dim\"><\/span><div role=\"img\" class=\"wp-block-cover__image-background wp-image-1727 has-parallax\" style=\"background-position:50% 50%;background-image:url(https:\/\/sicav.com.mx\/wp-content\/uploads\/2022\/03\/37.jpg)\"><\/div><div class=\"wp-block-cover__inner-container\">\n<h2 class=\"wp-block-heading has-text-align-center animated backInRight has-ast-global-color-5-color has-text-color\" style=\"font-style:italic;font-weight:900\">Colector de Polvo<\/h2>\n\n\n\n<p class=\"has-text-align-center animated backInUp\" style=\"font-style:italic;font-weight:800\">Proyectos llave en mano aprovechando nuestra amplia experiencia en la participaci\u00f3n de diversos proyectos realizados.<\/p>\n<\/div><\/div>\n\n\n\n<div class=\"wp-block-columns is-layout-flex wp-container-3\">\n<div class=\"wp-block-column is-layout-flow\">\n<h5 class=\"wp-block-heading has-text-align-center animated backInRight delay-500ms\" style=\"font-style:italic;font-weight:900\">Los colectores de polvo son b\u00e1sicamente equipos que mediante una serie de filtros permiten separar <br>las part\u00edculas s\u00f3lidas que vienen mezcladas en una <br>corriente de aire. <br>El tipo de filtro usado depender\u00e1 del proyecto <br>a desarrollar y de la clase de part\u00edculas s\u00f3lidas <br>en cuesti\u00f3n de las condiciones intr\u00ednsecas <br>del proceso.<\/h5>\n\n\n\n<figure class=\"wp-block-image aligncenter size-large is-resized animated flipInX\"><img decoding=\"async\" loading=\"lazy\" src=\"http:\/\/sicav.com.mx\/wp-content\/uploads\/2024\/02\/Logo-SICAV-OFICIAL-COLOR-1024x389.png\" alt=\"\" class=\"wp-image-2275\" width=\"398\" height=\"150\" srcset=\"https:\/\/sicav.com.mx\/wp-content\/uploads\/2024\/02\/Logo-SICAV-OFICIAL-COLOR-1024x389.png 1024w, https:\/\/sicav.com.mx\/wp-content\/uploads\/2024\/02\/Logo-SICAV-OFICIAL-COLOR-300x114.png 300w, https:\/\/sicav.com.mx\/wp-content\/uploads\/2024\/02\/Logo-SICAV-OFICIAL-COLOR-768x292.png 768w, https:\/\/sicav.com.mx\/wp-content\/uploads\/2024\/02\/Logo-SICAV-OFICIAL-COLOR-81x31.png 81w, https:\/\/sicav.com.mx\/wp-content\/uploads\/2024\/02\/Logo-SICAV-OFICIAL-COLOR.png 1080w\" sizes=\"(max-width: 398px) 100vw, 398px\" \/><\/figure>\n<\/div>\n\n\n\n<div class=\"wp-block-column is-layout-flow\">\n<figure class=\"wp-block-image size-large\"><img decoding=\"async\" loading=\"lazy\" width=\"1024\" height=\"768\" src=\"https:\/\/sicav.com.mx\/wp-content\/uploads\/2024\/02\/33-1024x769-1-1024x768.webp\" alt=\"\" class=\"wp-image-2520\" srcset=\"https:\/\/sicav.com.mx\/wp-content\/uploads\/2024\/02\/33-1024x769-1-1024x768.webp 1024w, https:\/\/sicav.com.mx\/wp-content\/uploads\/2024\/02\/33-1024x769-1-300x225.webp 300w, https:\/\/sicav.com.mx\/wp-content\/uploads\/2024\/02\/33-1024x769-1-768x576.webp 768w, https:\/\/sicav.com.mx\/wp-content\/uploads\/2024\/02\/33-1024x769-1-1536x1152.webp 1536w, https:\/\/sicav.com.mx\/wp-content\/uploads\/2024\/02\/33-1024x769-1.webp 1600w\" sizes=\"(max-width: 1024px) 100vw, 1024px\" \/><\/figure>\n<\/div>\n<\/div>\n\n\n\n<div class=\"wp-block-cover has-parallax is-repeated\"><span aria-hidden=\"true\" class=\"wp-block-cover__background has-background-dim\"><\/span><div role=\"img\" class=\"wp-block-cover__image-background wp-image-1733 has-parallax is-repeated\" style=\"background-position:50% 72%;background-image:url(http:\/\/sicav.com.mx\/wp-content\/uploads\/2022\/03\/34.jpg)\"><\/div><div class=\"wp-block-cover__inner-container\">\n<div class=\"wp-block-columns is-layout-flex wp-container-6\">\n<div class=\"wp-block-column animated backInLeft is-layout-flow\">\n<h2 class=\"wp-block-heading has-text-align-center has-ast-global-color-5-color has-text-color\" style=\"font-style:italic;font-weight:900\">Ofrecemos:<\/h2>\n\n\n\n<h5 class=\"wp-block-heading has-text-align-center has-ast-global-color-5-color has-text-color\" style=\"font-style:italic;font-weight:900\">\u25b8 Dise\u00f1o de ingenier\u00eda <br>\u25b8 Colectores de polvo <br>\u25b8 Colectores de humos <br>\u25b8 Colectores de neblinas <br>\u25b8 Colectores de cartucho <br>\u25b8 Separadores cicl\u00f3nicos. <br>\u25b8 Colectores h\u00famedos <br>\u25b8 Mantenimiento a colectores de polvo.<\/h5>\n<\/div>\n\n\n\n<div class=\"wp-block-column animated backInRight is-layout-flow\">\n<div style=\"height:100px\" aria-hidden=\"true\" class=\"wp-block-spacer\"><\/div>\n\n\n\n<h5 class=\"wp-block-heading has-text-align-center has-ast-global-color-5-color has-text-color\" style=\"font-style:italic;font-weight:700\">Proyectos llave en mano aprovechando nuestra amplia experiencia en la participaci\u00f3n de diversos proyectos realizados. contando con dise\u00f1os y c\u00e1lculos de precisi\u00f3n, altamente funcionales para optimizar los recursos de nuestros clientes.<\/h5>\n<\/div>\n<\/div>\n<\/div><\/div>\n","protected":false},"excerpt":{"rendered":"<p>Los colectores de polvo son b\u00e1sicamente equipos que mediante una serie de filtros permiten separar las part\u00edculas s\u00f3lidas que vienen mezcladas en una corriente de aire. El tipo de filtro usado depender\u00e1 del proyecto a desarrollar y de la clase de part\u00edculas s\u00f3lidas en cuesti\u00f3n de las condiciones intr\u00ednsecas del proceso.<\/p>\n","protected":false},"author":1,"featured_media":0,"parent":0,"menu_order":0,"comment_status":"closed","ping_status":"closed","template":"","meta":{"site-sidebar-layout":"default","site-content-layout":"page-builder","ast-main-header-display":"","ast-hfb-above-header-display":"","ast-hfb-below-header-display":"","ast-hfb-mobile-header-display":"","site-post-title":"disabled","ast-breadcrumbs-content":"","ast-featured-img":"","footer-sml-layout":"","theme-transparent-header-meta":"","adv-header-id-meta":"","stick-header-meta":"","header-above-stick-meta":"","header-main-stick-meta":"","header-below-stick-meta":""},"_links":{"self":[{"href":"https:\/\/sicav.com.mx\/index.php\/wp-json\/wp\/v2\/pages\/1667"}],"collection":[{"href":"https:\/\/sicav.com.mx\/index.php\/wp-json\/wp\/v2\/pages"}],"about":[{"href":"https:\/\/sicav.com.mx\/index.php\/wp-json\/wp\/v2\/types\/page"}],"author":[{"embeddable":true,"href":"https:\/\/sicav.com.mx\/index.php\/wp-json\/wp\/v2\/users\/1"}],"replies":[{"embeddable":true,"href":"https:\/\/sicav.com.mx\/index.php\/wp-json\/wp\/v2\/comments?post=1667"}],"version-history":[{"count":28,"href":"https:\/\/sicav.com.mx\/index.php\/wp-json\/wp\/v2\/pages\/1667\/revisions"}],"predecessor-version":[{"id":2522,"href":"https:\/\/sicav.com.mx\/index.php\/wp-json\/wp\/v2\/pages\/1667\/revisions\/2522"}],"wp:attachment":[{"href":"https:\/\/sicav.com.mx\/index.php\/wp-json\/wp\/v2\/media?parent=1667"}],"curies":[{"name":"wp","href":"https:\/\/api.w.org\/{rel}","templated":true}]}}