{"id":1662,"date":"2022-03-24T14:58:29","date_gmt":"2022-03-24T14:58:29","guid":{"rendered":"https:\/\/sicav.com.mx\/?page_id=1662"},"modified":"2024-02-29T05:17:47","modified_gmt":"2024-02-29T05:17:47","slug":"poliza-de-mantenimiento","status":"publish","type":"page","link":"https:\/\/sicav.com.mx\/index.php\/poliza-de-mantenimiento\/","title":{"rendered":"Poliza de mantenimiento"},"content":{"rendered":"\n<div class=\"wp-block-cover is-light has-parallax\"><span aria-hidden=\"true\" class=\"wp-block-cover__background has-background-dim\"><\/span><div role=\"img\" class=\"wp-block-cover__image-background wp-image-1750 has-parallax\" style=\"background-position:50% 50%;background-image:url(https:\/\/sicav.com.mx\/wp-content\/uploads\/2022\/03\/polizas-de-mantenimiento-watcom-x.jpeg)\"><\/div><div class=\"wp-block-cover__inner-container\">\n<h2 class=\"wp-block-heading has-text-align-center animated backInRight has-ast-global-color-5-color has-text-color\" style=\"font-style:italic;font-weight:900\">Poliza de mantenimiento<\/h2>\n\n\n\n<h6 class=\"wp-block-heading has-text-align-center animated backInUp has-ast-global-color-5-color has-text-color\" style=\"font-style:italic;font-weight:900\">P\u00f3lizas de mantenimiento anuales o por evento para sistemas de aire acondicionado.<\/h6>\n<\/div><\/div>\n\n\n\n<div class=\"wp-block-cover animated zoomIn\" style=\"min-height:250px\"><span aria-hidden=\"true\" class=\"wp-block-cover__background has-ast-global-color-8-background-color has-background-dim-100 has-background-dim\"><\/span><div class=\"wp-block-cover__inner-container\">\n<h3 class=\"wp-block-heading has-text-align-center has-ast-global-color-7-color has-text-color\" style=\"font-style:italic;font-weight:900\">Una p\u00f3liza de mantenimiento brinda garant\u00eda de un correcto funcionamiento,limpieza del aire y consumo normal de energ\u00eda el\u00e9ctrica. De otra manera, sin saberlo podr\u00edamos estar multiplicando el consumo y aumentando los gastos.<\/h3>\n<\/div><\/div>\n\n\n\n<div class=\"wp-block-media-text alignwide is-stacked-on-mobile animated fadeIn delay-500ms\"><figure class=\"wp-block-media-text__media\"><img decoding=\"async\" loading=\"lazy\" width=\"1024\" height=\"768\" src=\"http:\/\/sicav.com.mx\/wp-content\/uploads\/2022\/03\/28-2-1024x768.jpg\" alt=\"\" class=\"wp-image-1835 size-full\" srcset=\"https:\/\/sicav.com.mx\/wp-content\/uploads\/2022\/03\/28-2-1024x768.jpg 1024w, https:\/\/sicav.com.mx\/wp-content\/uploads\/2022\/03\/28-2-300x225.jpg 300w, https:\/\/sicav.com.mx\/wp-content\/uploads\/2022\/03\/28-2-768x576.jpg 768w, https:\/\/sicav.com.mx\/wp-content\/uploads\/2022\/03\/28-2-1536x1152.jpg 1536w, https:\/\/sicav.com.mx\/wp-content\/uploads\/2022\/03\/28-2.jpg 1707w\" sizes=\"(max-width: 1024px) 100vw, 1024px\" \/><\/figure><div class=\"wp-block-media-text__content\">\n<p class=\"has-text-align-center animated backInRight has-medium-font-size\" style=\"font-style:italic;font-weight:900\">\u25b8 Respuesta r\u00e1pida en casos de emergencia.<br>\u25b8 Asegurar el correcto funcionamiento de tus equipos.<br>\u25b8 Prevenci\u00f3n de da\u00f1os a corto plazo. <br>\u25b8 Evitas acumulaci\u00f3n de virus y bacterias.<br>\u25b8 Reducci\u00f3n de tiempo muerto invertido en reparaciones<br>\u25b8 Mantener una m\u00e1xima eficiencia de tus equipos. <br>\u25b8 Reportes de servicio del estado actual de los equipos.<\/p>\n\n\n\n<figure class=\"wp-block-image aligncenter size-large is-resized animated flipInX\"><img decoding=\"async\" loading=\"lazy\" src=\"http:\/\/sicav.com.mx\/wp-content\/uploads\/2024\/02\/Logo-SICAV-OFICIAL-COLOR-1024x389.png\" alt=\"\" class=\"wp-image-2275\" width=\"487\" height=\"184\" srcset=\"https:\/\/sicav.com.mx\/wp-content\/uploads\/2024\/02\/Logo-SICAV-OFICIAL-COLOR-1024x389.png 1024w, https:\/\/sicav.com.mx\/wp-content\/uploads\/2024\/02\/Logo-SICAV-OFICIAL-COLOR-300x114.png 300w, https:\/\/sicav.com.mx\/wp-content\/uploads\/2024\/02\/Logo-SICAV-OFICIAL-COLOR-768x292.png 768w, https:\/\/sicav.com.mx\/wp-content\/uploads\/2024\/02\/Logo-SICAV-OFICIAL-COLOR-81x31.png 81w, https:\/\/sicav.com.mx\/wp-content\/uploads\/2024\/02\/Logo-SICAV-OFICIAL-COLOR.png 1080w\" sizes=\"(max-width: 487px) 100vw, 487px\" \/><\/figure>\n<\/div><\/div>\n","protected":false},"excerpt":{"rendered":"","protected":false},"author":1,"featured_media":0,"parent":0,"menu_order":0,"comment_status":"closed","ping_status":"closed","template":"","meta":{"site-sidebar-layout":"default","site-content-layout":"page-builder","ast-main-header-display":"","ast-hfb-above-header-display":"","ast-hfb-below-header-display":"","ast-hfb-mobile-header-display":"","site-post-title":"disabled","ast-breadcrumbs-content":"","ast-featured-img":"","footer-sml-layout":"","theme-transparent-header-meta":"","adv-header-id-meta":"","stick-header-meta":"","header-above-stick-meta":"","header-main-stick-meta":"","header-below-stick-meta":""},"_links":{"self":[{"href":"https:\/\/sicav.com.mx\/index.php\/wp-json\/wp\/v2\/pages\/1662"}],"collection":[{"href":"https:\/\/sicav.com.mx\/index.php\/wp-json\/wp\/v2\/pages"}],"about":[{"href":"https:\/\/sicav.com.mx\/index.php\/wp-json\/wp\/v2\/types\/page"}],"author":[{"embeddable":true,"href":"https:\/\/sicav.com.mx\/index.php\/wp-json\/wp\/v2\/users\/1"}],"replies":[{"embeddable":true,"href":"https:\/\/sicav.com.mx\/index.php\/wp-json\/wp\/v2\/comments?post=1662"}],"version-history":[{"count":17,"href":"https:\/\/sicav.com.mx\/index.php\/wp-json\/wp\/v2\/pages\/1662\/revisions"}],"predecessor-version":[{"id":2413,"href":"https:\/\/sicav.com.mx\/index.php\/wp-json\/wp\/v2\/pages\/1662\/revisions\/2413"}],"wp:attachment":[{"href":"https:\/\/sicav.com.mx\/index.php\/wp-json\/wp\/v2\/media?parent=1662"}],"curies":[{"name":"wp","href":"https:\/\/api.w.org\/{rel}","templated":true}]}}