{"id":11,"date":"2021-06-18T12:43:19","date_gmt":"2021-06-18T12:43:19","guid":{"rendered":"http:\/\/sicav.com.mx\/index.php\/about\/"},"modified":"2024-02-29T07:04:17","modified_gmt":"2024-02-29T07:04:17","slug":"hvac","status":"publish","type":"page","link":"https:\/\/sicav.com.mx\/index.php\/hvac\/","title":{"rendered":"HVAC"},"content":{"rendered":"\n<div class=\"wp-block-cover alignfull has-parallax is-repeated\" style=\"min-height:475px\"><span aria-hidden=\"true\" class=\"wp-block-cover__background has-ast-global-color-2-background-color has-background-dim-60 has-background-dim\"><\/span><div role=\"img\" class=\"wp-block-cover__image-background wp-image-1509 has-parallax is-repeated\" style=\"background-position:51% 79%;background-image:url(https:\/\/sicav.com.mx\/wp-content\/uploads\/2022\/03\/03.jpg)\"><\/div><div class=\"wp-block-cover__inner-container\">\n<h1 class=\"wp-block-heading has-text-align-center animated backInRight has-text-color\" style=\"color:#ffffff;font-style:italic;font-weight:700\">HVAC<\/h1>\n\n\n\n<p class=\"has-text-align-center animated backInUp\" style=\"font-style:italic;font-weight:800\"><strong>Equipos perfectos para crear un ambiente de trabajo c\u00f3modo<\/strong>.<\/p>\n<\/div><\/div>\n\n\n\n<div class=\"wp-block-group alignfull has-ast-global-color-5-background-color has-background is-layout-constrained\"><div class=\"wp-block-group__inner-container\">\n<div class=\"wp-block-columns is-layout-flex wp-container-4\">\n<div class=\"wp-block-column is-layout-flow\">\n<div class=\"wp-block-group alignfull is-layout-constrained\"><div class=\"wp-block-group__inner-container\">\n<h2 class=\"wp-block-heading has-text-align-center animated zoomIn\" style=\"font-style:italic;font-weight:700\">HVAC<\/h2>\n\n\n\n<p class=\"has-text-align-center has-ast-global-color-2-color has-text-color\" style=\"font-style:italic;font-weight:800\"><strong>Los equipos que ofrecemos son perfectos para crear un ambiente de trabajo c\u00f3modo, teniendo una manera eficaz de controlar la temperatura en tus diferentes espacios ya sean de confort o cualquier tipo de proceso que requiere una temperatura controlada.<\/strong><\/p>\n\n\n\n<p class=\"has-text-align-center\" style=\"font-style:italic;font-weight:800\">Soluciones, desarrollo y ejecuci\u00f3n de proyectos en sistemas de climatizaci\u00f3n HVAC atendiendo las necesidades de nuestros clientes seg\u00fan sea el proceso dentro de los diferentes sectores. <\/p>\n\n\n\n<figure class=\"wp-block-image aligncenter size-large is-resized animated flipInX delay-500ms\"><img decoding=\"async\" loading=\"lazy\" src=\"http:\/\/sicav.com.mx\/wp-content\/uploads\/2024\/02\/Logo-SICAV-OFICIAL-COLOR-1024x389.png\" alt=\"\" class=\"wp-image-2275\" width=\"256\" height=\"97\" srcset=\"https:\/\/sicav.com.mx\/wp-content\/uploads\/2024\/02\/Logo-SICAV-OFICIAL-COLOR-1024x389.png 1024w, https:\/\/sicav.com.mx\/wp-content\/uploads\/2024\/02\/Logo-SICAV-OFICIAL-COLOR-300x114.png 300w, https:\/\/sicav.com.mx\/wp-content\/uploads\/2024\/02\/Logo-SICAV-OFICIAL-COLOR-768x292.png 768w, https:\/\/sicav.com.mx\/wp-content\/uploads\/2024\/02\/Logo-SICAV-OFICIAL-COLOR-81x31.png 81w, https:\/\/sicav.com.mx\/wp-content\/uploads\/2024\/02\/Logo-SICAV-OFICIAL-COLOR.png 1080w\" sizes=\"(max-width: 256px) 100vw, 256px\" \/><\/figure>\n<\/div><\/div>\n<\/div>\n\n\n\n<div class=\"wp-block-column is-layout-flow\">\n<figure class=\"wp-block-image size-full\"><img decoding=\"async\" loading=\"lazy\" width=\"1024\" height=\"768\" src=\"http:\/\/sicav.com.mx\/wp-content\/uploads\/2024\/02\/33-1024x768-1.webp\" alt=\"\" class=\"wp-image-2516\" srcset=\"https:\/\/sicav.com.mx\/wp-content\/uploads\/2024\/02\/33-1024x768-1.webp 1024w, https:\/\/sicav.com.mx\/wp-content\/uploads\/2024\/02\/33-1024x768-1-300x225.webp 300w, https:\/\/sicav.com.mx\/wp-content\/uploads\/2024\/02\/33-1024x768-1-768x576.webp 768w\" sizes=\"(max-width: 1024px) 100vw, 1024px\" \/><\/figure>\n<\/div>\n<\/div>\n<\/div><\/div>\n\n\n\n<div class=\"wp-block-group alignfull has-ast-global-color-5-background-color has-background is-layout-constrained\"><div class=\"wp-block-group__inner-container\">\n<h6 class=\"wp-block-heading has-text-align-center\">Contamos con amplia experiencia en los siguientes sectores:<\/h6>\n\n\n\n<h2 class=\"wp-block-heading has-text-align-center animated backInLeft has-ast-global-color-3-color has-text-color\" style=\"font-style:italic;font-weight:700\">Industrial, Comercial, Automotriz, Farmac\u00e9uticas, Residencial, Hotelero <\/h2>\n<\/div><\/div>\n\n\n\n<div class=\"wp-block-group alignfull has-ast-global-color-5-background-color has-background is-layout-constrained\"><div class=\"wp-block-group__inner-container\">\n<h6 class=\"wp-block-heading has-text-align-center\" style=\"font-style:italic;font-weight:700\">Marcas con la que trabajamos.<\/h6>\n\n\n\n<figure class=\"wp-block-gallery has-nested-images columns-5 wp-block-gallery-7 is-layout-flex\">\n<figure class=\"wp-block-image size-full animated zoomIn\"><img decoding=\"async\" loading=\"lazy\" width=\"550\" height=\"156\" src=\"https:\/\/sicav.com.mx\/wp-content\/uploads\/2022\/03\/mirage-logo.webp\" alt=\"\" class=\"wp-image-1593\" srcset=\"https:\/\/sicav.com.mx\/wp-content\/uploads\/2022\/03\/mirage-logo.webp 550w, https:\/\/sicav.com.mx\/wp-content\/uploads\/2022\/03\/mirage-logo-300x85.webp 300w\" sizes=\"(max-width: 550px) 100vw, 550px\" \/><\/figure>\n\n\n\n<figure class=\"wp-block-image size-full animated zoomIn\"><img decoding=\"async\" loading=\"lazy\" width=\"570\" height=\"196\" src=\"https:\/\/sicav.com.mx\/wp-content\/uploads\/2022\/03\/trane-logo.png\" alt=\"\" class=\"wp-image-1595\" srcset=\"https:\/\/sicav.com.mx\/wp-content\/uploads\/2022\/03\/trane-logo.png 570w, https:\/\/sicav.com.mx\/wp-content\/uploads\/2022\/03\/trane-logo-300x103.png 300w\" sizes=\"(max-width: 570px) 100vw, 570px\" \/><\/figure>\n\n\n\n<figure class=\"wp-block-image size-large animated zoomIn\"><img decoding=\"async\" loading=\"lazy\" width=\"1024\" height=\"528\" src=\"https:\/\/sicav.com.mx\/wp-content\/uploads\/2022\/03\/Carrier-Logo-1024x528.png\" alt=\"\" class=\"wp-image-1596\" srcset=\"https:\/\/sicav.com.mx\/wp-content\/uploads\/2022\/03\/Carrier-Logo-1024x528.png 1024w, https:\/\/sicav.com.mx\/wp-content\/uploads\/2022\/03\/Carrier-Logo-300x155.png 300w, https:\/\/sicav.com.mx\/wp-content\/uploads\/2022\/03\/Carrier-Logo-768x396.png 768w, https:\/\/sicav.com.mx\/wp-content\/uploads\/2022\/03\/Carrier-Logo.png 1230w\" sizes=\"(max-width: 1024px) 100vw, 1024px\" \/><\/figure>\n\n\n\n<figure class=\"wp-block-image size-full animated zoomIn\"><img decoding=\"async\" loading=\"lazy\" width=\"500\" height=\"108\" src=\"https:\/\/sicav.com.mx\/wp-content\/uploads\/2022\/03\/york-logo.png\" alt=\"\" class=\"wp-image-1597\" srcset=\"https:\/\/sicav.com.mx\/wp-content\/uploads\/2022\/03\/york-logo.png 500w, https:\/\/sicav.com.mx\/wp-content\/uploads\/2022\/03\/york-logo-300x65.png 300w\" sizes=\"(max-width: 500px) 100vw, 500px\" \/><\/figure>\n<\/figure>\n<\/div><\/div>\n\n\n\n<h2 class=\"wp-block-heading has-text-align-center\" style=\"font-style:italic;font-weight:800\">Ofrecemos la venta de equipos tipo:<\/h2>\n\n\n\n<div class=\"wp-block-group alignfull has-ast-global-color-4-background-color has-background is-layout-constrained\"><div class=\"wp-block-group__inner-container\">\n<div class=\"wp-block-columns alignwide is-layout-flex wp-container-12\">\n<div class=\"wp-block-column is-layout-flow\">\n<hr class=\"wp-block-separator has-text-color has-ast-global-color-0-color has-css-opacity has-ast-global-color-0-background-color has-background\"\/>\n\n\n\n<h4 class=\"wp-block-heading animated backInLeft\" style=\"font-style:italic;font-weight:700\">\u2744\ufe0f Chillers<br>\u2744\ufe0f Torres de enfriamiento.<br>\u2744\ufe0f Unidades manejadoras de agua<br>     helada.<br>\u2744\ufe0f Equipos de paquete.<br>\u2744\ufe0f Fan &amp; coils.<br>\u2744\ufe0f Mini splits.<br>\u2744\ufe0f Sistemas VRF.<br>\u2744\ufe0f Equipos de refrigeraci\u00f3n.<br>\u2744\ufe0f Unidades enfriadoras para gabinetes <br>     RITTAL.<\/h4>\n<\/div>\n\n\n\n<div class=\"wp-block-column is-layout-flow\">\n<figure class=\"wp-block-image size-large animated fadeIn delay-500ms\"><img decoding=\"async\" loading=\"lazy\" width=\"1024\" height=\"768\" src=\"http:\/\/sicav.com.mx\/wp-content\/uploads\/2022\/03\/10-1024x768.jpg\" alt=\"\" class=\"wp-image-1511\" srcset=\"https:\/\/sicav.com.mx\/wp-content\/uploads\/2022\/03\/10-1024x768.jpg 1024w, https:\/\/sicav.com.mx\/wp-content\/uploads\/2022\/03\/10-300x225.jpg 300w, https:\/\/sicav.com.mx\/wp-content\/uploads\/2022\/03\/10-768x576.jpg 768w, https:\/\/sicav.com.mx\/wp-content\/uploads\/2022\/03\/10-1536x1152.jpg 1536w, https:\/\/sicav.com.mx\/wp-content\/uploads\/2022\/03\/10.jpg 1707w\" sizes=\"(max-width: 1024px) 100vw, 1024px\" \/><\/figure>\n<\/div>\n<\/div>\n<\/div><\/div>\n\n\n\n<div class=\"wp-block-group alignfull is-layout-constrained\"><div class=\"wp-block-group__inner-container\">\n<figure class=\"wp-block-image alignfull size-large\"><img decoding=\"async\" loading=\"lazy\" width=\"1707\" height=\"960\" src=\"https:\/\/sicav.com.mx\/wp-content\/uploads\/2022\/03\/39-edited.jpg\" alt=\"\" class=\"wp-image-1519\" srcset=\"https:\/\/sicav.com.mx\/wp-content\/uploads\/2022\/03\/39-edited.jpg 1707w, https:\/\/sicav.com.mx\/wp-content\/uploads\/2022\/03\/39-edited-300x169.jpg 300w, https:\/\/sicav.com.mx\/wp-content\/uploads\/2022\/03\/39-edited-1024x576.jpg 1024w, https:\/\/sicav.com.mx\/wp-content\/uploads\/2022\/03\/39-edited-768x432.jpg 768w, https:\/\/sicav.com.mx\/wp-content\/uploads\/2022\/03\/39-edited-1536x864.jpg 1536w\" sizes=\"(max-width: 1707px) 100vw, 1707px\" \/><\/figure>\n<\/div><\/div>\n\n\n\n<p><\/p>\n","protected":false},"excerpt":{"rendered":"<p>HVAC Los equipos que ofrecemos son perfectos para crear un ambiente de trabajo c\u00f3modo, teniendo una manera eficaz de controlar la temperatura en tus diferentes espacios ya sean de confort o cualquier tipo de proceso que requiere una temperatura controlada. Soluciones, desarrollo y ejecuci\u00f3n de proyectos en sistemas de climatizaci\u00f3n HVAC atendiendo las necesidades de &hellip;<\/p>\n<p class=\"read-more\"> <a class=\"\" href=\"https:\/\/sicav.com.mx\/index.php\/hvac\/\"> <span class=\"screen-reader-text\">HVAC<\/span> Leer m\u00e1s &raquo;<\/a><\/p>\n","protected":false},"author":1,"featured_media":0,"parent":0,"menu_order":0,"comment_status":"closed","ping_status":"closed","template":"","meta":{"site-sidebar-layout":"no-sidebar","site-content-layout":"plain-container","ast-main-header-display":"","ast-hfb-above-header-display":"","ast-hfb-below-header-display":"","ast-hfb-mobile-header-display":"","site-post-title":"disabled","ast-breadcrumbs-content":"","ast-featured-img":"disabled","footer-sml-layout":"","theme-transparent-header-meta":"enabled","adv-header-id-meta":"","stick-header-meta":"","header-above-stick-meta":"","header-main-stick-meta":"","header-below-stick-meta":""},"_links":{"self":[{"href":"https:\/\/sicav.com.mx\/index.php\/wp-json\/wp\/v2\/pages\/11"}],"collection":[{"href":"https:\/\/sicav.com.mx\/index.php\/wp-json\/wp\/v2\/pages"}],"about":[{"href":"https:\/\/sicav.com.mx\/index.php\/wp-json\/wp\/v2\/types\/page"}],"author":[{"embeddable":true,"href":"https:\/\/sicav.com.mx\/index.php\/wp-json\/wp\/v2\/users\/1"}],"replies":[{"embeddable":true,"href":"https:\/\/sicav.com.mx\/index.php\/wp-json\/wp\/v2\/comments?post=11"}],"version-history":[{"count":37,"href":"https:\/\/sicav.com.mx\/index.php\/wp-json\/wp\/v2\/pages\/11\/revisions"}],"predecessor-version":[{"id":2518,"href":"https:\/\/sicav.com.mx\/index.php\/wp-json\/wp\/v2\/pages\/11\/revisions\/2518"}],"wp:attachment":[{"href":"https:\/\/sicav.com.mx\/index.php\/wp-json\/wp\/v2\/media?parent=11"}],"curies":[{"name":"wp","href":"https:\/\/api.w.org\/{rel}","templated":true}]}}